{"id":31,"date":"2022-02-05T16:13:29","date_gmt":"2022-02-05T16:13:29","guid":{"rendered":"https:\/\/www.cabinet-jvl.fr\/site\/?page_id=31"},"modified":"2025-04-07T14:33:31","modified_gmt":"2025-04-07T12:33:31","slug":"guide-des-tarifs-et-conditions","status":"publish","type":"page","link":"https:\/\/www.cabinet-jvl.fr\/site\/guide-des-tarifs-et-conditions\/","title":{"rendered":"Guide des tarifs et conditions"},"content":{"rendered":"\n<p>Tout RDV qui n&#8217;est pas honor\u00e9 et n&#8217;a pas \u00e9t\u00e9 annul\u00e9 au moins 48h \u00e0 l&#8217;avance reste d\u00fb. Les paiements peuvent \u00eatre effectu\u00e9s en ch\u00e8que ou en esp\u00e8ces (l&#8217;appoint sera alors demand\u00e9). Il est \u00e9galement possible de r\u00e9gler par virement ou via PayPal sur entente pr\u00e9alable.<\/p>\n\n\n\n<!--more-->\n\n\n\n<h2 class=\"wp-block-heading\">Tarifs particuliers ou employ\u00e9s<\/h2>\n\n\n\n<p>Voici les tarifs et conditions pour les s\u00e9ances de&nbsp;<strong>Th\u00e9rapie<\/strong>&nbsp;et de&nbsp;<strong>Coaching<\/strong>.<\/p>\n\n\n\n<div class=\"wp-block-columns is-layout-flex wp-container-core-columns-is-layout-9d6595d7 wp-block-columns-is-layout-flex\">\n<div class=\"wp-block-column is-layout-flow wp-block-column-is-layout-flow\">\n<h3 class=\"wp-block-heading has-text-align-center\">Au Cabinet<\/h3>\n\n\n\n<p class=\"has-text-align-center\"><strong>85 \u20ac\/h TTC<\/strong><br>N&#8217;h\u00e9sitez pas \u00e0 indiquer votre \u00e9ventuel besoin<\/p>\n\n\n<div class=\"wp-block-image\">\n<figure class=\"aligncenter size-full is-resized\"><img loading=\"lazy\" decoding=\"async\" width=\"813\" height=\"200\" src=\"https:\/\/www.cabinet-jvl.fr\/site\/wp-content\/uploads\/handicaps.png\" alt=\"\" class=\"wp-image-516\" style=\"width:175px;height:42px\" srcset=\"https:\/\/www.cabinet-jvl.fr\/site\/wp-content\/uploads\/handicaps.png 813w, https:\/\/www.cabinet-jvl.fr\/site\/wp-content\/uploads\/handicaps-300x74.png 300w, https:\/\/www.cabinet-jvl.fr\/site\/wp-content\/uploads\/handicaps-600x148.png 600w, https:\/\/www.cabinet-jvl.fr\/site\/wp-content\/uploads\/handicaps-768x189.png 768w\" sizes=\"auto, (max-width: 813px) 100vw, 813px\" \/><\/figure>\n<\/div>\n\n\n<p class=\"has-text-align-center\">pour un accueil totalement adapt\u00e9<br><a href=\"https:\/\/www.cabinet-jvl.fr\/site\/nous-contacter\/\" data-type=\"page\" data-id=\"12\">Me contacter<\/a><\/p>\n<\/div>\n\n\n\n<div class=\"wp-block-column is-layout-flow wp-block-column-is-layout-flow\">\n<h3 class=\"wp-block-heading has-text-align-center\">En visio<\/h3>\n\n\n\n<p class=\"has-text-align-center\"><strong>85 \u20ac\/h TTC<\/strong><br>Le confort et la praticit\u00e9 du distanciel pour gagner du temps ou pour prolonger le travail d\u00e9but\u00e9 au Cabinet.<\/p>\n\n\n\n<p class=\"has-text-align-center\">Voir la <a href=\"https:\/\/www.cabinet-jvl.fr\/site\/infos-pratiques-sur-la-visio\/\" data-type=\"page\" data-id=\"159\">page d\u00e9di\u00e9e \u00e0 la visio<\/a><br>pour plus d&#8217;infos.<\/p>\n<\/div>\n<\/div>\n\n\n\n<p class=\"has-text-align-center\">Pour les <a href=\"https:\/\/www.cabinet-jvl.fr\/site\/sexotherapie-sexoanalyse-et-therapie-de-couple\/\">th\u00e9rapies en couple<\/a>, un tarif sp\u00e9cifique de 110\u20ac\/h TTC est appliqu\u00e9 pour les s\u00e9ances en couple au lieu des 85 \u20ac\/h TTC appliqu\u00e9s aux s\u00e9ances individuelles.<\/p>\n\n\n\n<div class=\"wp-block-columns is-layout-flex wp-container-core-columns-is-layout-9d6595d7 wp-block-columns-is-layout-flex\">\n<div class=\"wp-block-column is-layout-flow wp-block-column-is-layout-flow\">\n<h3 class=\"wp-block-heading has-text-align-center\">Supervision ou <br>Analyse des pratiques (individuel)<\/h3>\n\n\n\n<p class=\"has-text-align-center\">Au Cabinet ou <a href=\"https:\/\/www.cabinet-jvl.fr\/site\/infos-pratiques-sur-la-visio\/\">en visio<\/a>, <br><strong>110 \u20ac\/h TTC<\/strong><\/p>\n\n\n\n<p class=\"has-text-align-center\">Le Cabinet JVL propose aux professionnel\u00b7le\u00b7s de l&#8217;accompagnement et de la relation d&#8217;aide des s\u00e9ances individuelles. <\/p>\n\n\n\n<p class=\"has-text-align-center\"><a data-type=\"page\" data-id=\"12\" href=\"https:\/\/www.cabinet-jvl.fr\/site\/nous-contacter\/\">Me contacter<\/a><\/p>\n<\/div>\n\n\n\n<div class=\"wp-block-column is-layout-flow wp-block-column-is-layout-flow\">\n<h3 class=\"wp-block-heading has-text-align-center\">Supervision ou <br>Analyse des pratiques (collectif)<\/h3>\n\n\n\n<p class=\"has-text-align-center\">Nouveau format propos\u00e9 apr\u00e8s des retours tr\u00e8s positifs.<\/p>\n\n\n\n<p class=\"has-text-align-center\">Les tarifs sont adapt\u00e9s et tiennent compte du nombre de participants (maximum 7\/groupe)<\/p>\n\n\n\n<p class=\"has-text-align-center\"><a data-type=\"page\" data-id=\"12\" href=\"https:\/\/www.cabinet-jvl.fr\/site\/nous-contacter\/\">Me consulter<\/a><\/p>\n<\/div>\n<\/div>\n\n\n\n<div class=\"wp-block-columns is-layout-flex wp-container-core-columns-is-layout-9d6595d7 wp-block-columns-is-layout-flex\">\n<div class=\"wp-block-column is-layout-flow wp-block-column-is-layout-flow\">\n<h3 class=\"wp-block-heading has-text-align-center\">D\u00e9placement<\/h3>\n\n\n\n<p class=\"has-text-align-center\">Je peux me d\u00e9placer \u00e0 Paris, Lyon, Strasbourg, Metz, Besan\u00e7on, Dijon, Belfort-Delle, <br>Luxembourg ville\u2026<\/p>\n\n\n\n<p class=\"has-text-align-center\">Je me d\u00e9place et peux vous accueillir dans des locaux adapt\u00e9s lou\u00e9s \u00e0 l&#8217;heure sp\u00e9cialement pour l&#8217;occasion. <\/p>\n\n\n\n<p class=\"has-text-align-center\">Les tarifs sont alors adapt\u00e9s et tiennent compte des frais de d\u00e9placement et d&#8217;accueil. <br><a href=\"https:\/\/www.cabinet-jvl.fr\/site\/nous-contacter\/\" data-type=\"page\" data-id=\"12\">Me consulter<\/a><\/p>\n<\/div>\n\n\n\n<div class=\"wp-block-column is-layout-flow wp-block-column-is-layout-flow\">\n<h3 class=\"wp-block-heading has-text-align-center\">A domicile<\/h3>\n\n\n\n<p class=\"has-text-align-center\"><em>Fonctionnement &#8220;ponctuel&#8221;<\/em><br>Une intervention \u00e0 domicile est possible pour moins d&#8217;une journ\u00e9e, pouvant se r\u00e9p\u00e9ter r\u00e9guli\u00e8rement, et fait l&#8217;objet d&#8217;une tarification sp\u00e9cifique.<\/p>\n\n\n\n<p class=\"has-text-align-center\"><em>Fonctionnement &#8220;en r\u00e9sidence&#8221;<\/em><br>Un ensemble de s\u00e9ances se r\u00e9partissant sur un ou plusieurs jours, \u00e0 domicile, et qui fait l&#8217;objet d&#8217;une tarification sp\u00e9cifique.<br><a href=\"https:\/\/www.cabinet-jvl.fr\/site\/nous-contacter\/\" data-type=\"page\" data-id=\"12\">Me consulter<\/a><\/p>\n<\/div>\n<\/div>\n\n\n\n<h2 class=\"wp-block-heading\">Tarifs entreprises, associations ou secteur public<\/h2>\n\n\n\n<p>Interventions ponctuelles de <strong>Consulting<\/strong><\/p>\n\n\n\n<div class=\"wp-block-columns is-layout-flex wp-container-core-columns-is-layout-9d6595d7 wp-block-columns-is-layout-flex\">\n<div class=\"wp-block-column is-layout-flow wp-block-column-is-layout-flow\">\n<h3 class=\"wp-block-heading has-text-align-center\">En visio ou au Cabinet<\/h3>\n\n\n\n<p class=\"has-text-align-center\"><strong>120 \u20ac\/h TTC<\/strong><br>Je vous propose le confort et la praticit\u00e9 du distanciel pour gagner du temps.<\/p>\n\n\n\n<p class=\"has-text-align-center\">J&#8217;utilise de nombreux outils de communication : Facebook messenger, Skype, Zoom<\/p>\n\n\n\n<p class=\"has-text-align-center\">Pour un <a href=\"https:\/\/www.cabinet-jvl.fr\/site\/nous-contacter\/\" data-type=\"page\" data-id=\"12\">RDV au Cabinet<\/a>, n&#8217;h\u00e9sitez pas \u00e0 indiquer votre \u00e9ventuel besoin<\/p>\n\n\n<div class=\"wp-block-image\">\n<figure class=\"aligncenter size-full is-resized\"><img loading=\"lazy\" decoding=\"async\" width=\"813\" height=\"200\" src=\"https:\/\/www.cabinet-jvl.fr\/site\/wp-content\/uploads\/handicaps.png\" alt=\"\" class=\"wp-image-516\" style=\"width:175px;height:42px\" srcset=\"https:\/\/www.cabinet-jvl.fr\/site\/wp-content\/uploads\/handicaps.png 813w, https:\/\/www.cabinet-jvl.fr\/site\/wp-content\/uploads\/handicaps-300x74.png 300w, https:\/\/www.cabinet-jvl.fr\/site\/wp-content\/uploads\/handicaps-600x148.png 600w, https:\/\/www.cabinet-jvl.fr\/site\/wp-content\/uploads\/handicaps-768x189.png 768w\" sizes=\"auto, (max-width: 813px) 100vw, 813px\" \/><\/figure>\n<\/div>\n\n\n<p class=\"has-text-align-center\">pour un accueil totalement adapt\u00e9<\/p>\n<\/div>\n\n\n\n<div class=\"wp-block-column is-layout-flow wp-block-column-is-layout-flow\">\n<h3 class=\"wp-block-heading has-text-align-center\">En d\u00e9placement<\/h3>\n\n\n\n<p class=\"has-text-align-center\">Je peux me d\u00e9placer \u00e0 Paris, Lyon, Strasbourg, Metz, Besan\u00e7on, Dijon, Belfort-Delle, <br>Luxembourg ville\u2026<\/p>\n\n\n\n<p class=\"has-text-align-center\">Je me d\u00e9place et peux vous accueillir dans des locaux adapt\u00e9s lou\u00e9s \u00e0 l&#8217;heure sp\u00e9cialement pour l&#8217;occasion. <\/p>\n\n\n\n<p class=\"has-text-align-center\">Les tarifs sont alors adapt\u00e9s et tiennent compte des frais de d\u00e9placement et d&#8217;accueil.<\/p>\n\n\n\n<p class=\"has-text-align-center\"><a href=\"https:\/\/www.cabinet-jvl.fr\/site\/nous-contacter\/\" data-type=\"page\" data-id=\"12\">Contactez-moi<\/a> pour plus d&#8217;informations et pour obtenir un devis.<\/p>\n<\/div>\n<\/div>\n\n\n\n<p>Interventions de&nbsp;<strong>Consulting<\/strong>&nbsp;ou&nbsp;<strong>Formation<\/strong>, en missions ou sur la dur\u00e9e<\/p>\n\n\n\n<p class=\"has-text-align-center\"><strong>120 \u20ac\/devis* TTC<\/strong><\/p>\n\n\n\n<div class=\"wp-block-columns is-layout-flex wp-container-core-columns-is-layout-9d6595d7 wp-block-columns-is-layout-flex\">\n<div class=\"wp-block-column is-layout-flow wp-block-column-is-layout-flow\">\n<h3 class=\"wp-block-heading has-text-align-center\">1ere \u00e9tape<\/h3>\n\n\n\n<p class=\"has-text-align-center\">Entretien en visio, par t\u00e9l\u00e9phone ou au Cabinet pour d\u00e9finir pr\u00e9cis\u00e9ment les besoins (1h \u00e0 1h30).<\/p>\n<\/div>\n\n\n\n<div class=\"wp-block-column is-layout-flow wp-block-column-is-layout-flow\">\n<h3 class=\"wp-block-heading has-text-align-center\">2eme \u00e9tape<\/h3>\n\n\n\n<p class=\"has-text-align-center\">Proposition \u00e9crite d&#8217;une prestation sur-mesure adapt\u00e9e \u00e0 vos demandes qui vous est transmise par \u00e9crit.<\/p>\n<\/div>\n\n\n\n<div class=\"wp-block-column is-layout-flow wp-block-column-is-layout-flow\">\n<h3 class=\"wp-block-heading has-text-align-center\">3eme \u00e9tape<\/h3>\n\n\n\n<p class=\"has-text-align-center\">Si vous acceptez le devis propos\u00e9, *une d\u00e9duction de 120\u20ac TTC sera effectu\u00e9e d\u00e8s la 1\u00e8re facture.<\/p>\n<\/div>\n<\/div>\n\n\n\n<p class=\"has-text-align-center\">Pour toute question ou demande de pr\u00e9cisions : <a href=\"https:\/\/www.cabinet-jvl.fr\/site\/nous-contacter\/\" data-type=\"page\" data-id=\"12\">me contacter<\/a><\/p>\n","protected":false},"excerpt":{"rendered":"<p>Tout RDV qui n&#8217;est pas honor\u00e9 et n&#8217;a pas \u00e9t\u00e9 annul\u00e9 au moins 48h \u00e0 l&#8217;avance reste d\u00fb. Les paiements peuvent \u00eatre effectu\u00e9s en ch\u00e8que ou en esp\u00e8ces (l&#8217;appoint sera alors demand\u00e9). Il est \u00e9galement possible de r\u00e9gler par virement ou via PayPal sur entente pr\u00e9alable.<\/p>\n","protected":false},"author":1,"featured_media":520,"parent":0,"menu_order":0,"comment_status":"closed","ping_status":"closed","template":"page.php","meta":{"footnotes":""},"class_list":["post-31","page","type-page","status-publish","has-post-thumbnail","hentry"],"yoast_head":"<!-- This site is optimized with the Yoast SEO plugin v23.6 - https:\/\/yoast.com\/wordpress\/plugins\/seo\/ -->\n<title>Guide des tarifs et conditions - Cabinet JVL<\/title>\n<meta name=\"robots\" content=\"index, follow, max-snippet:-1, max-image-preview:large, max-video-preview:-1\" \/>\n<link rel=\"canonical\" href=\"https:\/\/www.cabinet-jvl.fr\/site\/guide-des-tarifs-et-conditions\/\" \/>\n<meta property=\"og:locale\" content=\"fr_FR\" \/>\n<meta property=\"og:type\" content=\"article\" \/>\n<meta property=\"og:title\" content=\"Guide des tarifs et conditions - Cabinet JVL\" \/>\n<meta property=\"og:description\" content=\"Tout RDV qui n&#8217;est pas honor\u00e9 et n&#8217;a pas \u00e9t\u00e9 annul\u00e9 au moins 48h \u00e0 l&#8217;avance reste d\u00fb. Les paiements peuvent \u00eatre effectu\u00e9s en ch\u00e8que ou en esp\u00e8ces (l&#8217;appoint sera alors demand\u00e9). Il est \u00e9galement possible de r\u00e9gler par virement ou via PayPal sur entente pr\u00e9alable.\" \/>\n<meta property=\"og:url\" content=\"https:\/\/www.cabinet-jvl.fr\/site\/guide-des-tarifs-et-conditions\/\" \/>\n<meta property=\"og:site_name\" content=\"Cabinet JVL\" \/>\n<meta property=\"article:publisher\" content=\"https:\/\/www.facebook.com\/CabinetJVL\" \/>\n<meta property=\"article:modified_time\" content=\"2025-04-07T12:33:31+00:00\" \/>\n<meta property=\"og:image\" content=\"https:\/\/www.cabinet-jvl.fr\/site\/wp-content\/uploads\/calcul-scaled.jpg\" \/>\n\t<meta property=\"og:image:width\" content=\"2560\" \/>\n\t<meta property=\"og:image:height\" content=\"1707\" \/>\n\t<meta property=\"og:image:type\" content=\"image\/jpeg\" \/>\n<meta name=\"twitter:card\" content=\"summary_large_image\" \/>\n<meta name=\"twitter:site\" content=\"@lamethodejvl\" \/>\n<meta name=\"twitter:label1\" content=\"Dur\u00e9e de lecture estim\u00e9e\" \/>\n\t<meta name=\"twitter:data1\" content=\"4 minutes\" \/>\n<script type=\"application\/ld+json\" class=\"yoast-schema-graph\">{\"@context\":\"https:\/\/schema.org\",\"@graph\":[{\"@type\":\"WebPage\",\"@id\":\"https:\/\/www.cabinet-jvl.fr\/site\/guide-des-tarifs-et-conditions\/\",\"url\":\"https:\/\/www.cabinet-jvl.fr\/site\/guide-des-tarifs-et-conditions\/\",\"name\":\"Guide des tarifs et conditions - Cabinet JVL\",\"isPartOf\":{\"@id\":\"https:\/\/www.cabinet-jvl.fr\/site\/#website\"},\"primaryImageOfPage\":{\"@id\":\"https:\/\/www.cabinet-jvl.fr\/site\/guide-des-tarifs-et-conditions\/#primaryimage\"},\"image\":{\"@id\":\"https:\/\/www.cabinet-jvl.fr\/site\/guide-des-tarifs-et-conditions\/#primaryimage\"},\"thumbnailUrl\":\"https:\/\/www.cabinet-jvl.fr\/site\/wp-content\/uploads\/calcul-scaled.jpg\",\"datePublished\":\"2022-02-05T16:13:29+00:00\",\"dateModified\":\"2025-04-07T12:33:31+00:00\",\"breadcrumb\":{\"@id\":\"https:\/\/www.cabinet-jvl.fr\/site\/guide-des-tarifs-et-conditions\/#breadcrumb\"},\"inLanguage\":\"fr-FR\",\"potentialAction\":[{\"@type\":\"ReadAction\",\"target\":[\"https:\/\/www.cabinet-jvl.fr\/site\/guide-des-tarifs-et-conditions\/\"]}]},{\"@type\":\"ImageObject\",\"inLanguage\":\"fr-FR\",\"@id\":\"https:\/\/www.cabinet-jvl.fr\/site\/guide-des-tarifs-et-conditions\/#primaryimage\",\"url\":\"https:\/\/www.cabinet-jvl.fr\/site\/wp-content\/uploads\/calcul-scaled.jpg\",\"contentUrl\":\"https:\/\/www.cabinet-jvl.fr\/site\/wp-content\/uploads\/calcul-scaled.jpg\",\"width\":2560,\"height\":1707,\"caption\":\"Photo d'illustration\"},{\"@type\":\"BreadcrumbList\",\"@id\":\"https:\/\/www.cabinet-jvl.fr\/site\/guide-des-tarifs-et-conditions\/#breadcrumb\",\"itemListElement\":[{\"@type\":\"ListItem\",\"position\":1,\"name\":\"Accueil\",\"item\":\"https:\/\/www.cabinet-jvl.fr\/site\/\"},{\"@type\":\"ListItem\",\"position\":2,\"name\":\"Guide des tarifs et conditions\"}]},{\"@type\":\"WebSite\",\"@id\":\"https:\/\/www.cabinet-jvl.fr\/site\/#website\",\"url\":\"https:\/\/www.cabinet-jvl.fr\/site\/\",\"name\":\"Cabinet JVL\",\"description\":\"J\u00e9r\u00f4me Valentin-L\u00e9autaud, Th\u00e9rapeute Consultant et Formateur \u00e0 Nice\",\"publisher\":{\"@id\":\"https:\/\/www.cabinet-jvl.fr\/site\/#organization\"},\"potentialAction\":[{\"@type\":\"SearchAction\",\"target\":{\"@type\":\"EntryPoint\",\"urlTemplate\":\"https:\/\/www.cabinet-jvl.fr\/site\/?s={search_term_string}\"},\"query-input\":{\"@type\":\"PropertyValueSpecification\",\"valueRequired\":true,\"valueName\":\"search_term_string\"}}],\"inLanguage\":\"fr-FR\"},{\"@type\":\"Organization\",\"@id\":\"https:\/\/www.cabinet-jvl.fr\/site\/#organization\",\"name\":\"Cabinet J\u00e9r\u00f4me Valentin-L\u00e9autaud\",\"url\":\"https:\/\/www.cabinet-jvl.fr\/site\/\",\"logo\":{\"@type\":\"ImageObject\",\"inLanguage\":\"fr-FR\",\"@id\":\"https:\/\/www.cabinet-jvl.fr\/site\/#\/schema\/logo\/image\/\",\"url\":\"https:\/\/www.cabinet-jvl.fr\/site\/wp-content\/uploads\/logo-cabinet-jvl-s.png\",\"contentUrl\":\"https:\/\/www.cabinet-jvl.fr\/site\/wp-content\/uploads\/logo-cabinet-jvl-s.png\",\"width\":1044,\"height\":638,\"caption\":\"Cabinet J\u00e9r\u00f4me Valentin-L\u00e9autaud\"},\"image\":{\"@id\":\"https:\/\/www.cabinet-jvl.fr\/site\/#\/schema\/logo\/image\/\"},\"sameAs\":[\"https:\/\/www.facebook.com\/CabinetJVL\",\"https:\/\/x.com\/lamethodejvl\"]}]}<\/script>\n<!-- \/ Yoast SEO plugin. -->","yoast_head_json":{"title":"Guide des tarifs et conditions - Cabinet JVL","robots":{"index":"index","follow":"follow","max-snippet":"max-snippet:-1","max-image-preview":"max-image-preview:large","max-video-preview":"max-video-preview:-1"},"canonical":"https:\/\/www.cabinet-jvl.fr\/site\/guide-des-tarifs-et-conditions\/","og_locale":"fr_FR","og_type":"article","og_title":"Guide des tarifs et conditions - Cabinet JVL","og_description":"Tout RDV qui n&#8217;est pas honor\u00e9 et n&#8217;a pas \u00e9t\u00e9 annul\u00e9 au moins 48h \u00e0 l&#8217;avance reste d\u00fb. Les paiements peuvent \u00eatre effectu\u00e9s en ch\u00e8que ou en esp\u00e8ces (l&#8217;appoint sera alors demand\u00e9). Il est \u00e9galement possible de r\u00e9gler par virement ou via PayPal sur entente pr\u00e9alable.","og_url":"https:\/\/www.cabinet-jvl.fr\/site\/guide-des-tarifs-et-conditions\/","og_site_name":"Cabinet JVL","article_publisher":"https:\/\/www.facebook.com\/CabinetJVL","article_modified_time":"2025-04-07T12:33:31+00:00","og_image":[{"width":2560,"height":1707,"url":"https:\/\/www.cabinet-jvl.fr\/site\/wp-content\/uploads\/calcul-scaled.jpg","type":"image\/jpeg"}],"twitter_card":"summary_large_image","twitter_site":"@lamethodejvl","twitter_misc":{"Dur\u00e9e de lecture estim\u00e9e":"4 minutes"},"schema":{"@context":"https:\/\/schema.org","@graph":[{"@type":"WebPage","@id":"https:\/\/www.cabinet-jvl.fr\/site\/guide-des-tarifs-et-conditions\/","url":"https:\/\/www.cabinet-jvl.fr\/site\/guide-des-tarifs-et-conditions\/","name":"Guide des tarifs et conditions - Cabinet JVL","isPartOf":{"@id":"https:\/\/www.cabinet-jvl.fr\/site\/#website"},"primaryImageOfPage":{"@id":"https:\/\/www.cabinet-jvl.fr\/site\/guide-des-tarifs-et-conditions\/#primaryimage"},"image":{"@id":"https:\/\/www.cabinet-jvl.fr\/site\/guide-des-tarifs-et-conditions\/#primaryimage"},"thumbnailUrl":"https:\/\/www.cabinet-jvl.fr\/site\/wp-content\/uploads\/calcul-scaled.jpg","datePublished":"2022-02-05T16:13:29+00:00","dateModified":"2025-04-07T12:33:31+00:00","breadcrumb":{"@id":"https:\/\/www.cabinet-jvl.fr\/site\/guide-des-tarifs-et-conditions\/#breadcrumb"},"inLanguage":"fr-FR","potentialAction":[{"@type":"ReadAction","target":["https:\/\/www.cabinet-jvl.fr\/site\/guide-des-tarifs-et-conditions\/"]}]},{"@type":"ImageObject","inLanguage":"fr-FR","@id":"https:\/\/www.cabinet-jvl.fr\/site\/guide-des-tarifs-et-conditions\/#primaryimage","url":"https:\/\/www.cabinet-jvl.fr\/site\/wp-content\/uploads\/calcul-scaled.jpg","contentUrl":"https:\/\/www.cabinet-jvl.fr\/site\/wp-content\/uploads\/calcul-scaled.jpg","width":2560,"height":1707,"caption":"Photo d'illustration"},{"@type":"BreadcrumbList","@id":"https:\/\/www.cabinet-jvl.fr\/site\/guide-des-tarifs-et-conditions\/#breadcrumb","itemListElement":[{"@type":"ListItem","position":1,"name":"Accueil","item":"https:\/\/www.cabinet-jvl.fr\/site\/"},{"@type":"ListItem","position":2,"name":"Guide des tarifs et conditions"}]},{"@type":"WebSite","@id":"https:\/\/www.cabinet-jvl.fr\/site\/#website","url":"https:\/\/www.cabinet-jvl.fr\/site\/","name":"Cabinet JVL","description":"J\u00e9r\u00f4me Valentin-L\u00e9autaud, Th\u00e9rapeute Consultant et Formateur \u00e0 Nice","publisher":{"@id":"https:\/\/www.cabinet-jvl.fr\/site\/#organization"},"potentialAction":[{"@type":"SearchAction","target":{"@type":"EntryPoint","urlTemplate":"https:\/\/www.cabinet-jvl.fr\/site\/?s={search_term_string}"},"query-input":{"@type":"PropertyValueSpecification","valueRequired":true,"valueName":"search_term_string"}}],"inLanguage":"fr-FR"},{"@type":"Organization","@id":"https:\/\/www.cabinet-jvl.fr\/site\/#organization","name":"Cabinet J\u00e9r\u00f4me Valentin-L\u00e9autaud","url":"https:\/\/www.cabinet-jvl.fr\/site\/","logo":{"@type":"ImageObject","inLanguage":"fr-FR","@id":"https:\/\/www.cabinet-jvl.fr\/site\/#\/schema\/logo\/image\/","url":"https:\/\/www.cabinet-jvl.fr\/site\/wp-content\/uploads\/logo-cabinet-jvl-s.png","contentUrl":"https:\/\/www.cabinet-jvl.fr\/site\/wp-content\/uploads\/logo-cabinet-jvl-s.png","width":1044,"height":638,"caption":"Cabinet J\u00e9r\u00f4me Valentin-L\u00e9autaud"},"image":{"@id":"https:\/\/www.cabinet-jvl.fr\/site\/#\/schema\/logo\/image\/"},"sameAs":["https:\/\/www.facebook.com\/CabinetJVL","https:\/\/x.com\/lamethodejvl"]}]}},"_links":{"self":[{"href":"https:\/\/www.cabinet-jvl.fr\/site\/wp-json\/wp\/v2\/pages\/31","targetHints":{"allow":["GET"]}}],"collection":[{"href":"https:\/\/www.cabinet-jvl.fr\/site\/wp-json\/wp\/v2\/pages"}],"about":[{"href":"https:\/\/www.cabinet-jvl.fr\/site\/wp-json\/wp\/v2\/types\/page"}],"author":[{"embeddable":true,"href":"https:\/\/www.cabinet-jvl.fr\/site\/wp-json\/wp\/v2\/users\/1"}],"replies":[{"embeddable":true,"href":"https:\/\/www.cabinet-jvl.fr\/site\/wp-json\/wp\/v2\/comments?post=31"}],"version-history":[{"count":13,"href":"https:\/\/www.cabinet-jvl.fr\/site\/wp-json\/wp\/v2\/pages\/31\/revisions"}],"predecessor-version":[{"id":1536,"href":"https:\/\/www.cabinet-jvl.fr\/site\/wp-json\/wp\/v2\/pages\/31\/revisions\/1536"}],"wp:featuredmedia":[{"embeddable":true,"href":"https:\/\/www.cabinet-jvl.fr\/site\/wp-json\/wp\/v2\/media\/520"}],"wp:attachment":[{"href":"https:\/\/www.cabinet-jvl.fr\/site\/wp-json\/wp\/v2\/media?parent=31"}],"curies":[{"name":"wp","href":"https:\/\/api.w.org\/{rel}","templated":true}]}}