{"id":191,"date":"2022-06-23T10:18:21","date_gmt":"2022-06-23T10:18:21","guid":{"rendered":"https:\/\/www.cabinet-jvl.fr\/site\/?page_id=191"},"modified":"2025-04-09T21:03:20","modified_gmt":"2025-04-09T19:03:20","slug":"presentation-du-cabinet-jvl","status":"publish","type":"page","link":"https:\/\/www.cabinet-jvl.fr\/site\/presentation-du-cabinet-jvl\/","title":{"rendered":"Le Cabinet JVL"},"content":{"rendered":"\n<p>Le Cabinet JVL est n\u00e9 de la volont\u00e9 de proposer un accompagnement individualis\u00e9 et sp\u00e9cifique \u00e0 toute personne ou structure dans le besoin de changement ou le souhait d\u2019approfondir son \u00e9volution. Ici, aucune r\u00e9ponse pr\u00e9construite n\u2019est apport\u00e9e. L\u2019approche est adapt\u00e9e, la r\u00e9ponse co-construite avec le client afin d\u2019inscrire le changement dans une r\u00e9alit\u00e9 durable, tangible et structurante.<\/p>\n\n\n\n<!--more-->\n\n\n\n<h2 class=\"wp-block-heading\" id=\"une-approche-globale-de-la-personne\">Une approche globale de la personne<\/h2>\n\n\n\n<p>L\u2019individu peut tout en ce qui le concerne, il est au centre de son monde.<\/p>\n\n\n\n<p>Par ma formation, j&#8217;apporte un regard sur l\u2019accompagnement qui s\u2019appuie sur une approche de l\u2019humain r\u00e9solument holistique et globale. L\u2019id\u00e9e n\u2019est donc pas d\u2019appliquer un cadre ou une m\u00e9thode au demandeur mais de co-construire, de fa\u00e7on strat\u00e9gique et co-valid\u00e9e, le cadre, en fonction de ses besoins et de ce qui m\u00e8ne le ou les clients en rendez-vous (personne seule, couple, parent-enfant\u2026).<\/p>\n\n\n\n<p>Pour aller plus avant, ma m\u00e9thode s&#8217;ancre id\u00e9ologiquement dans les travaux de l\u2019\u00e9cole de Palo Alto. Ce courant de pens\u00e9e par son approche de la communication et de ses th\u00e9ories a inspir\u00e9 certaines techniques d\u2019accompagnement qui sont utilis\u00e9es au sein du Cabinet JVL.<\/p>\n\n\n\n<p>Je m&#8217;inscris donc dans un paradigme de base qui est celui du co-constructivisme et dans une vision dynamique d\u2019un humain acteur de sa vie, responsable de ses choix, de ses engagements et de la lecture qu\u2019il a de sa situation pass\u00e9e, pr\u00e9sente ou future, en un instant T.<\/p>\n\n\n\n<p>Ainsi, la d\u00e9marche se b\u00e2tit dans l\u2019interaction entre le professionnel et le client en laissant place \u00e0 une introspection n\u00e9cessaire pour que ce dernier puisse cheminer.<\/p>\n\n\n\n<p>C\u2019est donc le respect de toute la complexit\u00e9 de la personne qui est la base d\u2019une approche syst\u00e9mique permettant la mise en perspective des situations, une relecture du pass\u00e9, une distanciation aux traumatismes, un d\u00e9blocage des processus de d\u00e9cision, une \u00e9volution vers de nouveaux comportements, de la perception de notre environnement et du monde\u2026<\/p>\n\n\n\n<p><strong>Engager un travail personnel de ce type revient \u00e0 se donner la chance d\u2019un changement, d\u2019une d\u00e9couverte et d\u2019une modification du rapport \u00e0 soi, aux autres et au monde.<\/strong><\/p>\n\n\n\n<figure class=\"wp-block-gallery has-nested-images columns-default is-cropped wp-block-gallery-1 is-layout-flex wp-block-gallery-is-layout-flex\">\n<figure class=\"wp-block-image size-large\"><img loading=\"lazy\" decoding=\"async\" width=\"1024\" height=\"1024\" data-id=\"1492\" src=\"https:\/\/www.cabinet-jvl.fr\/site\/wp-content\/uploads\/WhatsApp-Image-2024-10-16-a-23.19.19_b9eb2144-1024x1024.jpg\" alt=\"\" class=\"wp-image-1492\" srcset=\"https:\/\/www.cabinet-jvl.fr\/site\/wp-content\/uploads\/WhatsApp-Image-2024-10-16-a-23.19.19_b9eb2144-1024x1024.jpg 1024w, https:\/\/www.cabinet-jvl.fr\/site\/wp-content\/uploads\/WhatsApp-Image-2024-10-16-a-23.19.19_b9eb2144-300x300.jpg 300w, https:\/\/www.cabinet-jvl.fr\/site\/wp-content\/uploads\/WhatsApp-Image-2024-10-16-a-23.19.19_b9eb2144-100x100.jpg 100w, https:\/\/www.cabinet-jvl.fr\/site\/wp-content\/uploads\/WhatsApp-Image-2024-10-16-a-23.19.19_b9eb2144-600x600.jpg 600w, https:\/\/www.cabinet-jvl.fr\/site\/wp-content\/uploads\/WhatsApp-Image-2024-10-16-a-23.19.19_b9eb2144-150x150.jpg 150w, https:\/\/www.cabinet-jvl.fr\/site\/wp-content\/uploads\/WhatsApp-Image-2024-10-16-a-23.19.19_b9eb2144-768x768.jpg 768w, https:\/\/www.cabinet-jvl.fr\/site\/wp-content\/uploads\/WhatsApp-Image-2024-10-16-a-23.19.19_b9eb2144-1536x1536.jpg 1536w, https:\/\/www.cabinet-jvl.fr\/site\/wp-content\/uploads\/WhatsApp-Image-2024-10-16-a-23.19.19_b9eb2144.jpg 2048w\" sizes=\"auto, (max-width: 1024px) 100vw, 1024px\" \/><\/figure>\n\n\n\n<figure class=\"wp-block-image size-large\"><img loading=\"lazy\" decoding=\"async\" width=\"1024\" height=\"1024\" data-id=\"1490\" src=\"https:\/\/www.cabinet-jvl.fr\/site\/wp-content\/uploads\/WhatsApp-Image-2024-10-16-a-23.19.34_8124d19f-1024x1024.jpg\" alt=\"\" class=\"wp-image-1490\" srcset=\"https:\/\/www.cabinet-jvl.fr\/site\/wp-content\/uploads\/WhatsApp-Image-2024-10-16-a-23.19.34_8124d19f-1024x1024.jpg 1024w, https:\/\/www.cabinet-jvl.fr\/site\/wp-content\/uploads\/WhatsApp-Image-2024-10-16-a-23.19.34_8124d19f-300x300.jpg 300w, https:\/\/www.cabinet-jvl.fr\/site\/wp-content\/uploads\/WhatsApp-Image-2024-10-16-a-23.19.34_8124d19f-100x100.jpg 100w, https:\/\/www.cabinet-jvl.fr\/site\/wp-content\/uploads\/WhatsApp-Image-2024-10-16-a-23.19.34_8124d19f-600x600.jpg 600w, https:\/\/www.cabinet-jvl.fr\/site\/wp-content\/uploads\/WhatsApp-Image-2024-10-16-a-23.19.34_8124d19f-150x150.jpg 150w, https:\/\/www.cabinet-jvl.fr\/site\/wp-content\/uploads\/WhatsApp-Image-2024-10-16-a-23.19.34_8124d19f-768x768.jpg 768w, https:\/\/www.cabinet-jvl.fr\/site\/wp-content\/uploads\/WhatsApp-Image-2024-10-16-a-23.19.34_8124d19f-1536x1536.jpg 1536w, https:\/\/www.cabinet-jvl.fr\/site\/wp-content\/uploads\/WhatsApp-Image-2024-10-16-a-23.19.34_8124d19f.jpg 2048w\" sizes=\"auto, (max-width: 1024px) 100vw, 1024px\" \/><\/figure>\n\n\n\n<figure class=\"wp-block-image size-large\"><img loading=\"lazy\" decoding=\"async\" width=\"1022\" height=\"1024\" data-id=\"1488\" src=\"https:\/\/www.cabinet-jvl.fr\/site\/wp-content\/uploads\/WhatsApp-Image-2024-10-16-a-23.19.34_67a8148e-1022x1024.jpg\" alt=\"\" class=\"wp-image-1488\" srcset=\"https:\/\/www.cabinet-jvl.fr\/site\/wp-content\/uploads\/WhatsApp-Image-2024-10-16-a-23.19.34_67a8148e-1022x1024.jpg 1022w, https:\/\/www.cabinet-jvl.fr\/site\/wp-content\/uploads\/WhatsApp-Image-2024-10-16-a-23.19.34_67a8148e-300x300.jpg 300w, https:\/\/www.cabinet-jvl.fr\/site\/wp-content\/uploads\/WhatsApp-Image-2024-10-16-a-23.19.34_67a8148e-100x100.jpg 100w, https:\/\/www.cabinet-jvl.fr\/site\/wp-content\/uploads\/WhatsApp-Image-2024-10-16-a-23.19.34_67a8148e-600x601.jpg 600w, https:\/\/www.cabinet-jvl.fr\/site\/wp-content\/uploads\/WhatsApp-Image-2024-10-16-a-23.19.34_67a8148e-150x150.jpg 150w, https:\/\/www.cabinet-jvl.fr\/site\/wp-content\/uploads\/WhatsApp-Image-2024-10-16-a-23.19.34_67a8148e-768x769.jpg 768w, https:\/\/www.cabinet-jvl.fr\/site\/wp-content\/uploads\/WhatsApp-Image-2024-10-16-a-23.19.34_67a8148e.jpg 1066w\" sizes=\"auto, (max-width: 1022px) 100vw, 1022px\" \/><\/figure>\n\n\n\n<figure class=\"wp-block-image size-large\"><img loading=\"lazy\" decoding=\"async\" width=\"1024\" height=\"1024\" data-id=\"1491\" src=\"https:\/\/www.cabinet-jvl.fr\/site\/wp-content\/uploads\/WhatsApp-Image-2024-10-16-a-23.19.32_cde4980c-1024x1024.jpg\" alt=\"\" class=\"wp-image-1491\" srcset=\"https:\/\/www.cabinet-jvl.fr\/site\/wp-content\/uploads\/WhatsApp-Image-2024-10-16-a-23.19.32_cde4980c-1024x1024.jpg 1024w, https:\/\/www.cabinet-jvl.fr\/site\/wp-content\/uploads\/WhatsApp-Image-2024-10-16-a-23.19.32_cde4980c-300x300.jpg 300w, https:\/\/www.cabinet-jvl.fr\/site\/wp-content\/uploads\/WhatsApp-Image-2024-10-16-a-23.19.32_cde4980c-100x100.jpg 100w, https:\/\/www.cabinet-jvl.fr\/site\/wp-content\/uploads\/WhatsApp-Image-2024-10-16-a-23.19.32_cde4980c-600x600.jpg 600w, https:\/\/www.cabinet-jvl.fr\/site\/wp-content\/uploads\/WhatsApp-Image-2024-10-16-a-23.19.32_cde4980c-150x150.jpg 150w, https:\/\/www.cabinet-jvl.fr\/site\/wp-content\/uploads\/WhatsApp-Image-2024-10-16-a-23.19.32_cde4980c-768x768.jpg 768w, https:\/\/www.cabinet-jvl.fr\/site\/wp-content\/uploads\/WhatsApp-Image-2024-10-16-a-23.19.32_cde4980c-1536x1536.jpg 1536w, https:\/\/www.cabinet-jvl.fr\/site\/wp-content\/uploads\/WhatsApp-Image-2024-10-16-a-23.19.32_cde4980c.jpg 2048w\" sizes=\"auto, (max-width: 1024px) 100vw, 1024px\" \/><\/figure>\n<\/figure>\n\n\n\n<p><strong>Pour visiter le Cabinet, lancez la vid\u00e9o ci-dessous&#8230;<\/strong><\/p>\n\n\n\n<figure class=\"wp-block-video\"><video height=\"1440\" style=\"aspect-ratio: 1440 \/ 1440;\" width=\"1440\" controls src=\"https:\/\/www.cabinet-jvl.fr\/site\/wp-content\/uploads\/Cabinet-JVL-Nice-2.mp4\"><\/video><\/figure>\n","protected":false},"excerpt":{"rendered":"<p>Le Cabinet JVL est n\u00e9 de la volont\u00e9 de proposer un accompagnement individualis\u00e9 et sp\u00e9cifique \u00e0 toute personne ou structure dans le besoin de changement ou le souhait d\u2019approfondir son \u00e9volution. Ici, aucune r\u00e9ponse pr\u00e9construite n\u2019est apport\u00e9e. L\u2019approche est adapt\u00e9e, la r\u00e9ponse co-construite avec le client afin d\u2019inscrire le changement dans une r\u00e9alit\u00e9 durable, tangible [&hellip;]<\/p>\n","protected":false},"author":1,"featured_media":1602,"parent":0,"menu_order":0,"comment_status":"closed","ping_status":"closed","template":"page.php","meta":{"footnotes":""},"class_list":["post-191","page","type-page","status-publish","has-post-thumbnail","hentry"],"yoast_head":"<!-- This site is optimized with the Yoast SEO plugin v23.6 - https:\/\/yoast.com\/wordpress\/plugins\/seo\/ -->\n<title>Le Cabinet JVL - Cabinet JVL<\/title>\n<meta name=\"robots\" content=\"index, follow, max-snippet:-1, max-image-preview:large, max-video-preview:-1\" \/>\n<link rel=\"canonical\" href=\"https:\/\/www.cabinet-jvl.fr\/site\/presentation-du-cabinet-jvl\/\" \/>\n<meta property=\"og:locale\" content=\"fr_FR\" \/>\n<meta property=\"og:type\" content=\"article\" \/>\n<meta property=\"og:title\" content=\"Le Cabinet JVL - Cabinet JVL\" \/>\n<meta property=\"og:description\" content=\"Le Cabinet JVL est n\u00e9 de la volont\u00e9 de proposer un accompagnement individualis\u00e9 et sp\u00e9cifique \u00e0 toute personne ou structure dans le besoin de changement ou le souhait d\u2019approfondir son \u00e9volution. Ici, aucune r\u00e9ponse pr\u00e9construite n\u2019est apport\u00e9e. L\u2019approche est adapt\u00e9e, la r\u00e9ponse co-construite avec le client afin d\u2019inscrire le changement dans une r\u00e9alit\u00e9 durable, tangible [&hellip;]\" \/>\n<meta property=\"og:url\" content=\"https:\/\/www.cabinet-jvl.fr\/site\/presentation-du-cabinet-jvl\/\" \/>\n<meta property=\"og:site_name\" content=\"Cabinet JVL\" \/>\n<meta property=\"article:publisher\" content=\"https:\/\/www.facebook.com\/CabinetJVL\" \/>\n<meta property=\"article:modified_time\" content=\"2025-04-09T19:03:20+00:00\" \/>\n<meta property=\"og:image\" content=\"https:\/\/www.cabinet-jvl.fr\/site\/wp-content\/uploads\/2025-02-28_Jerome_shooting_0221-scaled.jpg\" \/>\n\t<meta property=\"og:image:width\" content=\"2560\" \/>\n\t<meta property=\"og:image:height\" content=\"1707\" \/>\n\t<meta property=\"og:image:type\" content=\"image\/jpeg\" \/>\n<meta name=\"twitter:card\" content=\"summary_large_image\" \/>\n<meta name=\"twitter:site\" content=\"@lamethodejvl\" \/>\n<meta name=\"twitter:label1\" content=\"Dur\u00e9e de lecture estim\u00e9e\" \/>\n\t<meta name=\"twitter:data1\" content=\"3 minutes\" \/>\n<script type=\"application\/ld+json\" class=\"yoast-schema-graph\">{\"@context\":\"https:\/\/schema.org\",\"@graph\":[{\"@type\":\"WebPage\",\"@id\":\"https:\/\/www.cabinet-jvl.fr\/site\/presentation-du-cabinet-jvl\/\",\"url\":\"https:\/\/www.cabinet-jvl.fr\/site\/presentation-du-cabinet-jvl\/\",\"name\":\"Le Cabinet JVL - Cabinet JVL\",\"isPartOf\":{\"@id\":\"https:\/\/www.cabinet-jvl.fr\/site\/#website\"},\"primaryImageOfPage\":{\"@id\":\"https:\/\/www.cabinet-jvl.fr\/site\/presentation-du-cabinet-jvl\/#primaryimage\"},\"image\":{\"@id\":\"https:\/\/www.cabinet-jvl.fr\/site\/presentation-du-cabinet-jvl\/#primaryimage\"},\"thumbnailUrl\":\"https:\/\/www.cabinet-jvl.fr\/site\/wp-content\/uploads\/2025-02-28_Jerome_shooting_0221-scaled.jpg\",\"datePublished\":\"2022-06-23T10:18:21+00:00\",\"dateModified\":\"2025-04-09T19:03:20+00:00\",\"breadcrumb\":{\"@id\":\"https:\/\/www.cabinet-jvl.fr\/site\/presentation-du-cabinet-jvl\/#breadcrumb\"},\"inLanguage\":\"fr-FR\",\"potentialAction\":[{\"@type\":\"ReadAction\",\"target\":[\"https:\/\/www.cabinet-jvl.fr\/site\/presentation-du-cabinet-jvl\/\"]}]},{\"@type\":\"ImageObject\",\"inLanguage\":\"fr-FR\",\"@id\":\"https:\/\/www.cabinet-jvl.fr\/site\/presentation-du-cabinet-jvl\/#primaryimage\",\"url\":\"https:\/\/www.cabinet-jvl.fr\/site\/wp-content\/uploads\/2025-02-28_Jerome_shooting_0221-scaled.jpg\",\"contentUrl\":\"https:\/\/www.cabinet-jvl.fr\/site\/wp-content\/uploads\/2025-02-28_Jerome_shooting_0221-scaled.jpg\",\"width\":2560,\"height\":1707,\"caption\":\"Romain Jacquot\"},{\"@type\":\"BreadcrumbList\",\"@id\":\"https:\/\/www.cabinet-jvl.fr\/site\/presentation-du-cabinet-jvl\/#breadcrumb\",\"itemListElement\":[{\"@type\":\"ListItem\",\"position\":1,\"name\":\"Accueil\",\"item\":\"https:\/\/www.cabinet-jvl.fr\/site\/\"},{\"@type\":\"ListItem\",\"position\":2,\"name\":\"Le Cabinet JVL\"}]},{\"@type\":\"WebSite\",\"@id\":\"https:\/\/www.cabinet-jvl.fr\/site\/#website\",\"url\":\"https:\/\/www.cabinet-jvl.fr\/site\/\",\"name\":\"Cabinet JVL\",\"description\":\"J\u00e9r\u00f4me Valentin-L\u00e9autaud, Th\u00e9rapeute Consultant et Formateur \u00e0 Nice\",\"publisher\":{\"@id\":\"https:\/\/www.cabinet-jvl.fr\/site\/#organization\"},\"potentialAction\":[{\"@type\":\"SearchAction\",\"target\":{\"@type\":\"EntryPoint\",\"urlTemplate\":\"https:\/\/www.cabinet-jvl.fr\/site\/?s={search_term_string}\"},\"query-input\":{\"@type\":\"PropertyValueSpecification\",\"valueRequired\":true,\"valueName\":\"search_term_string\"}}],\"inLanguage\":\"fr-FR\"},{\"@type\":\"Organization\",\"@id\":\"https:\/\/www.cabinet-jvl.fr\/site\/#organization\",\"name\":\"Cabinet J\u00e9r\u00f4me Valentin-L\u00e9autaud\",\"url\":\"https:\/\/www.cabinet-jvl.fr\/site\/\",\"logo\":{\"@type\":\"ImageObject\",\"inLanguage\":\"fr-FR\",\"@id\":\"https:\/\/www.cabinet-jvl.fr\/site\/#\/schema\/logo\/image\/\",\"url\":\"https:\/\/www.cabinet-jvl.fr\/site\/wp-content\/uploads\/logo-cabinet-jvl-s.png\",\"contentUrl\":\"https:\/\/www.cabinet-jvl.fr\/site\/wp-content\/uploads\/logo-cabinet-jvl-s.png\",\"width\":1044,\"height\":638,\"caption\":\"Cabinet J\u00e9r\u00f4me Valentin-L\u00e9autaud\"},\"image\":{\"@id\":\"https:\/\/www.cabinet-jvl.fr\/site\/#\/schema\/logo\/image\/\"},\"sameAs\":[\"https:\/\/www.facebook.com\/CabinetJVL\",\"https:\/\/x.com\/lamethodejvl\"]}]}<\/script>\n<!-- \/ Yoast SEO plugin. -->","yoast_head_json":{"title":"Le Cabinet JVL - Cabinet JVL","robots":{"index":"index","follow":"follow","max-snippet":"max-snippet:-1","max-image-preview":"max-image-preview:large","max-video-preview":"max-video-preview:-1"},"canonical":"https:\/\/www.cabinet-jvl.fr\/site\/presentation-du-cabinet-jvl\/","og_locale":"fr_FR","og_type":"article","og_title":"Le Cabinet JVL - Cabinet JVL","og_description":"Le Cabinet JVL est n\u00e9 de la volont\u00e9 de proposer un accompagnement individualis\u00e9 et sp\u00e9cifique \u00e0 toute personne ou structure dans le besoin de changement ou le souhait d\u2019approfondir son \u00e9volution. Ici, aucune r\u00e9ponse pr\u00e9construite n\u2019est apport\u00e9e. L\u2019approche est adapt\u00e9e, la r\u00e9ponse co-construite avec le client afin d\u2019inscrire le changement dans une r\u00e9alit\u00e9 durable, tangible [&hellip;]","og_url":"https:\/\/www.cabinet-jvl.fr\/site\/presentation-du-cabinet-jvl\/","og_site_name":"Cabinet JVL","article_publisher":"https:\/\/www.facebook.com\/CabinetJVL","article_modified_time":"2025-04-09T19:03:20+00:00","og_image":[{"width":2560,"height":1707,"url":"https:\/\/www.cabinet-jvl.fr\/site\/wp-content\/uploads\/2025-02-28_Jerome_shooting_0221-scaled.jpg","type":"image\/jpeg"}],"twitter_card":"summary_large_image","twitter_site":"@lamethodejvl","twitter_misc":{"Dur\u00e9e de lecture estim\u00e9e":"3 minutes"},"schema":{"@context":"https:\/\/schema.org","@graph":[{"@type":"WebPage","@id":"https:\/\/www.cabinet-jvl.fr\/site\/presentation-du-cabinet-jvl\/","url":"https:\/\/www.cabinet-jvl.fr\/site\/presentation-du-cabinet-jvl\/","name":"Le Cabinet JVL - Cabinet JVL","isPartOf":{"@id":"https:\/\/www.cabinet-jvl.fr\/site\/#website"},"primaryImageOfPage":{"@id":"https:\/\/www.cabinet-jvl.fr\/site\/presentation-du-cabinet-jvl\/#primaryimage"},"image":{"@id":"https:\/\/www.cabinet-jvl.fr\/site\/presentation-du-cabinet-jvl\/#primaryimage"},"thumbnailUrl":"https:\/\/www.cabinet-jvl.fr\/site\/wp-content\/uploads\/2025-02-28_Jerome_shooting_0221-scaled.jpg","datePublished":"2022-06-23T10:18:21+00:00","dateModified":"2025-04-09T19:03:20+00:00","breadcrumb":{"@id":"https:\/\/www.cabinet-jvl.fr\/site\/presentation-du-cabinet-jvl\/#breadcrumb"},"inLanguage":"fr-FR","potentialAction":[{"@type":"ReadAction","target":["https:\/\/www.cabinet-jvl.fr\/site\/presentation-du-cabinet-jvl\/"]}]},{"@type":"ImageObject","inLanguage":"fr-FR","@id":"https:\/\/www.cabinet-jvl.fr\/site\/presentation-du-cabinet-jvl\/#primaryimage","url":"https:\/\/www.cabinet-jvl.fr\/site\/wp-content\/uploads\/2025-02-28_Jerome_shooting_0221-scaled.jpg","contentUrl":"https:\/\/www.cabinet-jvl.fr\/site\/wp-content\/uploads\/2025-02-28_Jerome_shooting_0221-scaled.jpg","width":2560,"height":1707,"caption":"Romain Jacquot"},{"@type":"BreadcrumbList","@id":"https:\/\/www.cabinet-jvl.fr\/site\/presentation-du-cabinet-jvl\/#breadcrumb","itemListElement":[{"@type":"ListItem","position":1,"name":"Accueil","item":"https:\/\/www.cabinet-jvl.fr\/site\/"},{"@type":"ListItem","position":2,"name":"Le Cabinet JVL"}]},{"@type":"WebSite","@id":"https:\/\/www.cabinet-jvl.fr\/site\/#website","url":"https:\/\/www.cabinet-jvl.fr\/site\/","name":"Cabinet JVL","description":"J\u00e9r\u00f4me Valentin-L\u00e9autaud, Th\u00e9rapeute Consultant et Formateur \u00e0 Nice","publisher":{"@id":"https:\/\/www.cabinet-jvl.fr\/site\/#organization"},"potentialAction":[{"@type":"SearchAction","target":{"@type":"EntryPoint","urlTemplate":"https:\/\/www.cabinet-jvl.fr\/site\/?s={search_term_string}"},"query-input":{"@type":"PropertyValueSpecification","valueRequired":true,"valueName":"search_term_string"}}],"inLanguage":"fr-FR"},{"@type":"Organization","@id":"https:\/\/www.cabinet-jvl.fr\/site\/#organization","name":"Cabinet J\u00e9r\u00f4me Valentin-L\u00e9autaud","url":"https:\/\/www.cabinet-jvl.fr\/site\/","logo":{"@type":"ImageObject","inLanguage":"fr-FR","@id":"https:\/\/www.cabinet-jvl.fr\/site\/#\/schema\/logo\/image\/","url":"https:\/\/www.cabinet-jvl.fr\/site\/wp-content\/uploads\/logo-cabinet-jvl-s.png","contentUrl":"https:\/\/www.cabinet-jvl.fr\/site\/wp-content\/uploads\/logo-cabinet-jvl-s.png","width":1044,"height":638,"caption":"Cabinet J\u00e9r\u00f4me Valentin-L\u00e9autaud"},"image":{"@id":"https:\/\/www.cabinet-jvl.fr\/site\/#\/schema\/logo\/image\/"},"sameAs":["https:\/\/www.facebook.com\/CabinetJVL","https:\/\/x.com\/lamethodejvl"]}]}},"_links":{"self":[{"href":"https:\/\/www.cabinet-jvl.fr\/site\/wp-json\/wp\/v2\/pages\/191","targetHints":{"allow":["GET"]}}],"collection":[{"href":"https:\/\/www.cabinet-jvl.fr\/site\/wp-json\/wp\/v2\/pages"}],"about":[{"href":"https:\/\/www.cabinet-jvl.fr\/site\/wp-json\/wp\/v2\/types\/page"}],"author":[{"embeddable":true,"href":"https:\/\/www.cabinet-jvl.fr\/site\/wp-json\/wp\/v2\/users\/1"}],"replies":[{"embeddable":true,"href":"https:\/\/www.cabinet-jvl.fr\/site\/wp-json\/wp\/v2\/comments?post=191"}],"version-history":[{"count":10,"href":"https:\/\/www.cabinet-jvl.fr\/site\/wp-json\/wp\/v2\/pages\/191\/revisions"}],"predecessor-version":[{"id":1494,"href":"https:\/\/www.cabinet-jvl.fr\/site\/wp-json\/wp\/v2\/pages\/191\/revisions\/1494"}],"wp:featuredmedia":[{"embeddable":true,"href":"https:\/\/www.cabinet-jvl.fr\/site\/wp-json\/wp\/v2\/media\/1602"}],"wp:attachment":[{"href":"https:\/\/www.cabinet-jvl.fr\/site\/wp-json\/wp\/v2\/media?parent=191"}],"curies":[{"name":"wp","href":"https:\/\/api.w.org\/{rel}","templated":true}]}}